{"id":2369,"date":"2024-12-04T09:47:03","date_gmt":"2024-12-04T08:47:03","guid":{"rendered":"https:\/\/suyder-end.nl\/die-umwelt\/"},"modified":"2025-02-25T12:16:34","modified_gmt":"2025-02-25T11:16:34","slug":"die-umwelt","status":"publish","type":"page","link":"https:\/\/suyder-end.nl\/de\/die-umwelt\/","title":{"rendered":"Die Umwelt"},"content":{"rendered":"\t\t<div data-elementor-type=\"wp-page\" data-elementor-id=\"2369\" class=\"elementor elementor-2369 elementor-1237\">\n\t\t\t\t<div class=\"elementor-element elementor-element-0aa070e e-flex e-con-boxed e-con e-parent\" data-id=\"0aa070e\" data-element_type=\"container\" data-e-type=\"container\" data-settings=\"{&quot;background_background&quot;:&quot;classic&quot;}\">\n\t\t\t\t\t<div class=\"e-con-inner\">\n\t\t\t\t<div class=\"elementor-element elementor-element-84f59a5 elementor-widget elementor-widget-heading\" data-id=\"84f59a5\" data-element_type=\"widget\" data-e-type=\"widget\" data-widget_type=\"heading.default\">\n\t\t\t\t<div class=\"elementor-widget-container\">\n\t\t\t\t\t<h2 class=\"elementor-heading-title elementor-size-default\">Die Umwelt<\/h2>\t\t\t\t<\/div>\n\t\t\t\t<\/div>\n\t\t\t\t\t<\/div>\n\t\t\t\t<\/div>\n\t\t<div class=\"elementor-element elementor-element-167b9a7 e-flex e-con-boxed e-con e-parent\" data-id=\"167b9a7\" data-element_type=\"container\" data-e-type=\"container\">\n\t\t\t\t\t<div class=\"e-con-inner\">\n\t\t<div class=\"elementor-element elementor-element-6ff44c8 e-con-full e-flex e-con e-child\" data-id=\"6ff44c8\" data-element_type=\"container\" data-e-type=\"container\" data-settings=\"{&quot;background_background&quot;:&quot;classic&quot;}\">\n\t\t\t\t<div class=\"elementor-element elementor-element-83dea25 elementor-widget elementor-widget-image\" data-id=\"83dea25\" data-element_type=\"widget\" data-e-type=\"widget\" data-widget_type=\"image.default\">\n\t\t\t\t<div class=\"elementor-widget-container\">\n\t\t\t\t\t\t\t\t\t\t\t\t\t\t\t<img fetchpriority=\"high\" decoding=\"async\" width=\"1024\" height=\"768\" src=\"https:\/\/suyder-end.nl\/wp-content\/uploads\/2024\/12\/IMG_2948-2-1024x768-1.jpg\" class=\"attachment-large size-large wp-image-2320\" alt=\"\" srcset=\"https:\/\/suyder-end.nl\/wp-content\/uploads\/2024\/12\/IMG_2948-2-1024x768-1.jpg 1024w, https:\/\/suyder-end.nl\/wp-content\/uploads\/2024\/12\/IMG_2948-2-1024x768-1-300x225.jpg 300w, https:\/\/suyder-end.nl\/wp-content\/uploads\/2024\/12\/IMG_2948-2-1024x768-1-768x576.jpg 768w\" sizes=\"(max-width: 1024px) 100vw, 1024px\" \/>\t\t\t\t\t\t\t\t\t\t\t\t\t\t\t<\/div>\n\t\t\t\t<\/div>\n\t\t\t\t<\/div>\n\t\t<div class=\"elementor-element elementor-element-d9d0de6 e-con-full e-flex e-con e-child\" data-id=\"d9d0de6\" data-element_type=\"container\" data-e-type=\"container\">\n\t\t\t\t<div class=\"elementor-element elementor-element-9f02a38 elementor-widget-tablet__width-inherit elementor-widget elementor-widget-heading\" data-id=\"9f02a38\" data-element_type=\"widget\" data-e-type=\"widget\" data-widget_type=\"heading.default\">\n\t\t\t\t<div class=\"elementor-widget-container\">\n\t\t\t\t\t<h2 class=\"elementor-heading-title elementor-size-default\">Eine idyllische Umgebung<\/h2>\t\t\t\t<\/div>\n\t\t\t\t<\/div>\n\t\t\t\t<div class=\"elementor-element elementor-element-a34f8ad elementor-widget elementor-widget-text-editor\" data-id=\"a34f8ad\" data-element_type=\"widget\" data-e-type=\"widget\" data-widget_type=\"text-editor.default\">\n\t\t\t\t<div class=\"elementor-widget-container\">\n\t\t\t\t\t\t\t\t\t<p class=\"p1\">Das G\u00e4stehaus &#8222;Suyder-End&#8220; liegt in der sch\u00f6nen Heckenlandschaft von Opende, an der Grenze zwischen Friesland und Groningen.  <\/p><p class=\"p1\">Die waldreiche Umgebung zeichnet sich durch malerische Aussichten, saftig gr\u00fcne Wiesen und ruhige Wege aus, die zu Erkundungen einladen. Hier k\u00f6nnen Sie die Hektik des Alltags hinter sich lassen und die Ruhe und den Raum genie\u00dfen, den die Natur zu bieten hat. Ob Sie fr\u00fchmorgens das sanfte Zwitschern der V\u00f6gel h\u00f6ren oder bei einem Abendspaziergang Rehe beobachten, die Gegend bietet Ihnen ein einzigartiges Erlebnis von Frieden und Gelassenheit.<\/p>\t\t\t\t\t\t\t\t<\/div>\n\t\t\t\t<\/div>\n\t\t\t\t<\/div>\n\t\t\t\t\t<\/div>\n\t\t\t\t<\/div>\n\t\t<div class=\"elementor-element elementor-element-db7cbbb e-flex e-con-boxed e-con e-parent\" data-id=\"db7cbbb\" data-element_type=\"container\" data-e-type=\"container\">\n\t\t\t\t\t<div class=\"e-con-inner\">\n\t\t\t\t<div class=\"elementor-element elementor-element-8d99e59 gallery-spacing-custom elementor-widget elementor-widget-image-gallery\" data-id=\"8d99e59\" data-element_type=\"widget\" data-e-type=\"widget\" data-widget_type=\"image-gallery.default\">\n\t\t\t\t<div class=\"elementor-widget-container\">\n\t\t\t\t\t\t\t<div class=\"elementor-image-gallery\">\n\t\t\t<div id='gallery-1' class='gallery galleryid-2369 gallery-columns-3 gallery-size-large'><figure class='gallery-item'>\n\t\t\t<div class='gallery-icon landscape'>\n\t\t\t\t<a data-elementor-open-lightbox=\"yes\" data-elementor-lightbox-slideshow=\"8d99e59\" data-elementor-lightbox-title=\"IMG_2948-2-1024x768\" data-e-action-hash=\"#elementor-action%3Aaction%3Dlightbox%26settings%3DeyJpZCI6MjMyMCwidXJsIjoiaHR0cHM6XC9cL3N1eWRlci1lbmQubmxcL3dwLWNvbnRlbnRcL3VwbG9hZHNcLzIwMjRcLzEyXC9JTUdfMjk0OC0yLTEwMjR4NzY4LTEuanBnIiwic2xpZGVzaG93IjoiOGQ5OWU1OSJ9\" href='https:\/\/suyder-end.nl\/wp-content\/uploads\/2024\/12\/IMG_2948-2-1024x768-1.jpg'><img decoding=\"async\" width=\"1024\" height=\"768\" src=\"https:\/\/suyder-end.nl\/wp-content\/uploads\/2024\/12\/IMG_2948-2-1024x768-1.jpg\" class=\"attachment-large size-large\" alt=\"\" srcset=\"https:\/\/suyder-end.nl\/wp-content\/uploads\/2024\/12\/IMG_2948-2-1024x768-1.jpg 1024w, https:\/\/suyder-end.nl\/wp-content\/uploads\/2024\/12\/IMG_2948-2-1024x768-1-300x225.jpg 300w, https:\/\/suyder-end.nl\/wp-content\/uploads\/2024\/12\/IMG_2948-2-1024x768-1-768x576.jpg 768w\" sizes=\"(max-width: 1024px) 100vw, 1024px\" \/><\/a>\n\t\t\t<\/div><\/figure><figure class='gallery-item'>\n\t\t\t<div class='gallery-icon landscape'>\n\t\t\t\t<a data-elementor-open-lightbox=\"yes\" data-elementor-lightbox-slideshow=\"8d99e59\" data-elementor-lightbox-title=\"IMG_2949-1024x768\" data-e-action-hash=\"#elementor-action%3Aaction%3Dlightbox%26settings%3DeyJpZCI6MjMyMiwidXJsIjoiaHR0cHM6XC9cL3N1eWRlci1lbmQubmxcL3dwLWNvbnRlbnRcL3VwbG9hZHNcLzIwMjRcLzEyXC9JTUdfMjk0OS0xMDI0eDc2OC0xLmpwZyIsInNsaWRlc2hvdyI6IjhkOTllNTkifQ%3D%3D\" href='https:\/\/suyder-end.nl\/wp-content\/uploads\/2024\/12\/IMG_2949-1024x768-1.jpg'><img decoding=\"async\" width=\"1024\" height=\"768\" src=\"https:\/\/suyder-end.nl\/wp-content\/uploads\/2024\/12\/IMG_2949-1024x768-1.jpg\" class=\"attachment-large size-large\" alt=\"\" srcset=\"https:\/\/suyder-end.nl\/wp-content\/uploads\/2024\/12\/IMG_2949-1024x768-1.jpg 1024w, https:\/\/suyder-end.nl\/wp-content\/uploads\/2024\/12\/IMG_2949-1024x768-1-300x225.jpg 300w, https:\/\/suyder-end.nl\/wp-content\/uploads\/2024\/12\/IMG_2949-1024x768-1-768x576.jpg 768w\" sizes=\"(max-width: 1024px) 100vw, 1024px\" \/><\/a>\n\t\t\t<\/div><\/figure><figure class='gallery-item'>\n\t\t\t<div class='gallery-icon landscape'>\n\t\t\t\t<a data-elementor-open-lightbox=\"yes\" data-elementor-lightbox-slideshow=\"8d99e59\" data-elementor-lightbox-title=\"IMG_2955-1024x768\" data-e-action-hash=\"#elementor-action%3Aaction%3Dlightbox%26settings%3DeyJpZCI6MjMyNCwidXJsIjoiaHR0cHM6XC9cL3N1eWRlci1lbmQubmxcL3dwLWNvbnRlbnRcL3VwbG9hZHNcLzIwMjRcLzEyXC9JTUdfMjk1NS0xMDI0eDc2OC0xLmpwZyIsInNsaWRlc2hvdyI6IjhkOTllNTkifQ%3D%3D\" href='https:\/\/suyder-end.nl\/wp-content\/uploads\/2024\/12\/IMG_2955-1024x768-1.jpg'><img loading=\"lazy\" decoding=\"async\" width=\"1024\" height=\"768\" src=\"https:\/\/suyder-end.nl\/wp-content\/uploads\/2024\/12\/IMG_2955-1024x768-1.jpg\" class=\"attachment-large size-large\" alt=\"\" srcset=\"https:\/\/suyder-end.nl\/wp-content\/uploads\/2024\/12\/IMG_2955-1024x768-1.jpg 1024w, https:\/\/suyder-end.nl\/wp-content\/uploads\/2024\/12\/IMG_2955-1024x768-1-300x225.jpg 300w, https:\/\/suyder-end.nl\/wp-content\/uploads\/2024\/12\/IMG_2955-1024x768-1-768x576.jpg 768w\" sizes=\"(max-width: 1024px) 100vw, 1024px\" \/><\/a>\n\t\t\t<\/div><\/figure><figure class='gallery-item'>\n\t\t\t<div class='gallery-icon landscape'>\n\t\t\t\t<a data-elementor-open-lightbox=\"yes\" data-elementor-lightbox-slideshow=\"8d99e59\" data-elementor-lightbox-title=\"IMG_2953-1024x768\" data-e-action-hash=\"#elementor-action%3Aaction%3Dlightbox%26settings%3DeyJpZCI6MjMyNiwidXJsIjoiaHR0cHM6XC9cL3N1eWRlci1lbmQubmxcL3dwLWNvbnRlbnRcL3VwbG9hZHNcLzIwMjRcLzEyXC9JTUdfMjk1My0xMDI0eDc2OC0xLmpwZyIsInNsaWRlc2hvdyI6IjhkOTllNTkifQ%3D%3D\" href='https:\/\/suyder-end.nl\/wp-content\/uploads\/2024\/12\/IMG_2953-1024x768-1.jpg'><img loading=\"lazy\" decoding=\"async\" width=\"1024\" height=\"768\" src=\"https:\/\/suyder-end.nl\/wp-content\/uploads\/2024\/12\/IMG_2953-1024x768-1.jpg\" class=\"attachment-large size-large\" alt=\"\" srcset=\"https:\/\/suyder-end.nl\/wp-content\/uploads\/2024\/12\/IMG_2953-1024x768-1.jpg 1024w, https:\/\/suyder-end.nl\/wp-content\/uploads\/2024\/12\/IMG_2953-1024x768-1-300x225.jpg 300w, https:\/\/suyder-end.nl\/wp-content\/uploads\/2024\/12\/IMG_2953-1024x768-1-768x576.jpg 768w\" sizes=\"(max-width: 1024px) 100vw, 1024px\" \/><\/a>\n\t\t\t<\/div><\/figure><figure class='gallery-item'>\n\t\t\t<div class='gallery-icon landscape'>\n\t\t\t\t<a data-elementor-open-lightbox=\"yes\" data-elementor-lightbox-slideshow=\"8d99e59\" data-elementor-lightbox-title=\"IMG_2952-1024x768\" data-e-action-hash=\"#elementor-action%3Aaction%3Dlightbox%26settings%3DeyJpZCI6MjMyOCwidXJsIjoiaHR0cHM6XC9cL3N1eWRlci1lbmQubmxcL3dwLWNvbnRlbnRcL3VwbG9hZHNcLzIwMjRcLzEyXC9JTUdfMjk1Mi0xMDI0eDc2OC0xLmpwZyIsInNsaWRlc2hvdyI6IjhkOTllNTkifQ%3D%3D\" href='https:\/\/suyder-end.nl\/wp-content\/uploads\/2024\/12\/IMG_2952-1024x768-1.jpg'><img loading=\"lazy\" decoding=\"async\" width=\"1024\" height=\"768\" src=\"https:\/\/suyder-end.nl\/wp-content\/uploads\/2024\/12\/IMG_2952-1024x768-1.jpg\" class=\"attachment-large size-large\" alt=\"\" srcset=\"https:\/\/suyder-end.nl\/wp-content\/uploads\/2024\/12\/IMG_2952-1024x768-1.jpg 1024w, https:\/\/suyder-end.nl\/wp-content\/uploads\/2024\/12\/IMG_2952-1024x768-1-300x225.jpg 300w, https:\/\/suyder-end.nl\/wp-content\/uploads\/2024\/12\/IMG_2952-1024x768-1-768x576.jpg 768w\" sizes=\"(max-width: 1024px) 100vw, 1024px\" \/><\/a>\n\t\t\t<\/div><\/figure><figure class='gallery-item'>\n\t\t\t<div class='gallery-icon landscape'>\n\t\t\t\t<a data-elementor-open-lightbox=\"yes\" data-elementor-lightbox-slideshow=\"8d99e59\" data-elementor-lightbox-title=\"IMG_2950-1024x768\" data-e-action-hash=\"#elementor-action%3Aaction%3Dlightbox%26settings%3DeyJpZCI6MjMzMCwidXJsIjoiaHR0cHM6XC9cL3N1eWRlci1lbmQubmxcL3dwLWNvbnRlbnRcL3VwbG9hZHNcLzIwMjRcLzEyXC9JTUdfMjk1MC0xMDI0eDc2OC0xLmpwZyIsInNsaWRlc2hvdyI6IjhkOTllNTkifQ%3D%3D\" href='https:\/\/suyder-end.nl\/wp-content\/uploads\/2024\/12\/IMG_2950-1024x768-1.jpg'><img loading=\"lazy\" decoding=\"async\" width=\"1024\" height=\"768\" src=\"https:\/\/suyder-end.nl\/wp-content\/uploads\/2024\/12\/IMG_2950-1024x768-1.jpg\" class=\"attachment-large size-large\" alt=\"\" srcset=\"https:\/\/suyder-end.nl\/wp-content\/uploads\/2024\/12\/IMG_2950-1024x768-1.jpg 1024w, https:\/\/suyder-end.nl\/wp-content\/uploads\/2024\/12\/IMG_2950-1024x768-1-300x225.jpg 300w, https:\/\/suyder-end.nl\/wp-content\/uploads\/2024\/12\/IMG_2950-1024x768-1-768x576.jpg 768w\" sizes=\"(max-width: 1024px) 100vw, 1024px\" \/><\/a>\n\t\t\t<\/div><\/figure>\n\t\t<\/div>\n\t\t<\/div>\n\t\t\t\t\t\t<\/div>\n\t\t\t\t<\/div>\n\t\t\t\t\t<\/div>\n\t\t\t\t<\/div>\n\t\t<div class=\"elementor-element elementor-element-bc15c23 e-flex e-con-boxed e-con e-parent\" data-id=\"bc15c23\" data-element_type=\"container\" data-e-type=\"container\" data-settings=\"{&quot;background_background&quot;:&quot;classic&quot;}\">\n\t\t\t\t\t<div class=\"e-con-inner\">\n\t\t<div class=\"elementor-element elementor-element-d26f9b3 e-con-full e-flex e-con e-child\" data-id=\"d26f9b3\" data-element_type=\"container\" data-e-type=\"container\">\n\t\t\t\t<div class=\"elementor-element elementor-element-726b0e3 elementor-widget-tablet__width-inherit elementor-widget elementor-widget-heading\" data-id=\"726b0e3\" data-element_type=\"widget\" data-e-type=\"widget\" data-widget_type=\"heading.default\">\n\t\t\t\t<div class=\"elementor-widget-container\">\n\t\t\t\t\t<h2 class=\"elementor-heading-title elementor-size-default\">Entdecken Sie alles, was die Region zu bieten hat\n<\/h2>\t\t\t\t<\/div>\n\t\t\t\t<\/div>\n\t\t\t\t<div class=\"elementor-element elementor-element-ad63a21 elementor-widget elementor-widget-text-editor\" data-id=\"ad63a21\" data-element_type=\"widget\" data-e-type=\"widget\" data-widget_type=\"text-editor.default\">\n\t\t\t\t<div class=\"elementor-widget-container\">\n\t\t\t\t\t\t\t\t\t<p class=\"p1\">Die Umgebung von Opende bietet eine F\u00fclle von Aktivit\u00e4ten f\u00fcr Naturliebhaber und Abenteurer. Machen Sie einen Spaziergang auf dem beliebten Barfu\u00dfpfad, genie\u00dfen Sie eine entspannende Fahrradtour durch die friesische und Groninger Landschaft oder besuchen Sie den Erholungssee Strandheem. F\u00fcr Ausfl\u00fcge sind Leeuwarden, Dokkum, Groningen, Appelscha, das Wattengebiet und der Nationalpark Alde Feanen nur 30 Autominuten entfernt.<\/p><p class=\"p1\">Ob Sie nun Entspannung oder Abenteuer suchen, es gibt immer etwas zu tun!<\/p>\t\t\t\t\t\t\t\t<\/div>\n\t\t\t\t<\/div>\n\t\t\t\t<div class=\"elementor-element elementor-element-a1329d5 elementor-align-start elementor-icon-list--layout-traditional elementor-list-item-link-full_width elementor-widget elementor-widget-icon-list\" data-id=\"a1329d5\" data-element_type=\"widget\" data-e-type=\"widget\" data-widget_type=\"icon-list.default\">\n\t\t\t\t<div class=\"elementor-widget-container\">\n\t\t\t\t\t\t\t<ul class=\"elementor-icon-list-items\">\n\t\t\t\t\t\t\t<li class=\"elementor-icon-list-item\">\n\t\t\t\t\t\t\t\t\t\t\t<span class=\"elementor-icon-list-icon\">\n\t\t\t\t\t\t\t<svg aria-hidden=\"true\" class=\"e-font-icon-svg e-far-check-circle\" viewBox=\"0 0 512 512\" xmlns=\"http:\/\/www.w3.org\/2000\/svg\"><path d=\"M256 8C119.033 8 8 119.033 8 256s111.033 248 248 248 248-111.033 248-248S392.967 8 256 8zm0 48c110.532 0 200 89.451 200 200 0 110.532-89.451 200-200 200-110.532 0-200-89.451-200-200 0-110.532 89.451-200 200-200m140.204 130.267l-22.536-22.718c-4.667-4.705-12.265-4.736-16.97-.068L215.346 303.697l-59.792-60.277c-4.667-4.705-12.265-4.736-16.97-.069l-22.719 22.536c-4.705 4.667-4.736 12.265-.068 16.971l90.781 91.516c4.667 4.705 12.265 4.736 16.97.068l172.589-171.204c4.704-4.668 4.734-12.266.067-16.971z\"><\/path><\/svg>\t\t\t\t\t\t<\/span>\n\t\t\t\t\t\t\t\t\t\t<span class=\"elementor-icon-list-text\">Gelegen an der Grenze zwischen Friesland und Groningen<\/span>\n\t\t\t\t\t\t\t\t\t<\/li>\n\t\t\t\t\t\t\t\t<li class=\"elementor-icon-list-item\">\n\t\t\t\t\t\t\t\t\t\t\t<span class=\"elementor-icon-list-icon\">\n\t\t\t\t\t\t\t<svg aria-hidden=\"true\" class=\"e-font-icon-svg e-far-check-circle\" viewBox=\"0 0 512 512\" xmlns=\"http:\/\/www.w3.org\/2000\/svg\"><path d=\"M256 8C119.033 8 8 119.033 8 256s111.033 248 248 248 248-111.033 248-248S392.967 8 256 8zm0 48c110.532 0 200 89.451 200 200 0 110.532-89.451 200-200 200-110.532 0-200-89.451-200-200 0-110.532 89.451-200 200-200m140.204 130.267l-22.536-22.718c-4.667-4.705-12.265-4.736-16.97-.068L215.346 303.697l-59.792-60.277c-4.667-4.705-12.265-4.736-16.97-.069l-22.719 22.536c-4.705 4.667-4.736 12.265-.068 16.971l90.781 91.516c4.667 4.705 12.265 4.736 16.97.068l172.589-171.204c4.704-4.668 4.734-12.266.067-16.971z\"><\/path><\/svg>\t\t\t\t\t\t<\/span>\n\t\t\t\t\t\t\t\t\t\t<span class=\"elementor-icon-list-text\">Leeuwarden oder Groningen eine 30-min\u00fctige Autofahrt entfernt<\/span>\n\t\t\t\t\t\t\t\t\t<\/li>\n\t\t\t\t\t\t\t\t<li class=\"elementor-icon-list-item\">\n\t\t\t\t\t\t\t\t\t\t\t<span class=\"elementor-icon-list-icon\">\n\t\t\t\t\t\t\t<svg aria-hidden=\"true\" class=\"e-font-icon-svg e-far-check-circle\" viewBox=\"0 0 512 512\" xmlns=\"http:\/\/www.w3.org\/2000\/svg\"><path d=\"M256 8C119.033 8 8 119.033 8 256s111.033 248 248 248 248-111.033 248-248S392.967 8 256 8zm0 48c110.532 0 200 89.451 200 200 0 110.532-89.451 200-200 200-110.532 0-200-89.451-200-200 0-110.532 89.451-200 200-200m140.204 130.267l-22.536-22.718c-4.667-4.705-12.265-4.736-16.97-.068L215.346 303.697l-59.792-60.277c-4.667-4.705-12.265-4.736-16.97-.069l-22.719 22.536c-4.705 4.667-4.736 12.265-.068 16.971l90.781 91.516c4.667 4.705 12.265 4.736 16.97.068l172.589-171.204c4.704-4.668 4.734-12.266.067-16.971z\"><\/path><\/svg>\t\t\t\t\t\t<\/span>\n\t\t\t\t\t\t\t\t\t\t<span class=\"elementor-icon-list-text\">Viele Wander- und Radwege in der Umgebung<\/span>\n\t\t\t\t\t\t\t\t\t<\/li>\n\t\t\t\t\t\t<\/ul>\n\t\t\t\t\t\t<\/div>\n\t\t\t\t<\/div>\n\t\t\t\t<\/div>\n\t\t<div class=\"elementor-element elementor-element-c528344 e-con-full e-flex e-con e-child\" data-id=\"c528344\" data-element_type=\"container\" data-e-type=\"container\">\n\t\t\t\t<div class=\"elementor-element elementor-element-40c98fe elementor-widget elementor-widget-image\" data-id=\"40c98fe\" data-element_type=\"widget\" data-e-type=\"widget\" data-widget_type=\"image.default\">\n\t\t\t\t<div class=\"elementor-widget-container\">\n\t\t\t\t\t\t\t\t\t\t\t\t\t\t\t<img loading=\"lazy\" decoding=\"async\" width=\"1024\" height=\"768\" src=\"https:\/\/suyder-end.nl\/wp-content\/uploads\/2024\/12\/IMG_2999-1024x768-1.jpg\" class=\"attachment-large size-large wp-image-2318\" alt=\"\" srcset=\"https:\/\/suyder-end.nl\/wp-content\/uploads\/2024\/12\/IMG_2999-1024x768-1.jpg 1024w, https:\/\/suyder-end.nl\/wp-content\/uploads\/2024\/12\/IMG_2999-1024x768-1-300x225.jpg 300w, https:\/\/suyder-end.nl\/wp-content\/uploads\/2024\/12\/IMG_2999-1024x768-1-768x576.jpg 768w\" sizes=\"(max-width: 1024px) 100vw, 1024px\" \/>\t\t\t\t\t\t\t\t\t\t\t\t\t\t\t<\/div>\n\t\t\t\t<\/div>\n\t\t\t\t<\/div>\n\t\t\t\t\t<\/div>\n\t\t\t\t<\/div>\n\t\t<div class=\"elementor-element elementor-element-053cda0 e-flex e-con-boxed e-con e-parent\" data-id=\"053cda0\" data-element_type=\"container\" data-e-type=\"container\" data-settings=\"{&quot;background_background&quot;:&quot;classic&quot;}\">\n\t\t\t\t\t<div class=\"e-con-inner\">\n\t\t\t\t<div class=\"elementor-element elementor-element-cbe31a7 elementor-widget__width-initial elementor-widget-tablet__width-inherit elementor-widget elementor-widget-heading\" data-id=\"cbe31a7\" data-element_type=\"widget\" data-e-type=\"widget\" data-widget_type=\"heading.default\">\n\t\t\t\t<div class=\"elementor-widget-container\">\n\t\t\t\t\t<h2 class=\"elementor-heading-title elementor-size-default\">Buchen Sie jetzt Ihren Aufenthalt<\/h2>\t\t\t\t<\/div>\n\t\t\t\t<\/div>\n\t\t<div class=\"elementor-element elementor-element-90af969 e-flex e-con-boxed e-con e-child\" data-id=\"90af969\" data-element_type=\"container\" data-e-type=\"container\" data-settings=\"{&quot;background_background&quot;:&quot;classic&quot;}\">\n\t\t\t\t\t<div class=\"e-con-inner\">\n\t\t\t\t<div class=\"elementor-element elementor-element-7e78856 elementor-widget elementor-widget-heading\" data-id=\"7e78856\" data-element_type=\"widget\" data-e-type=\"widget\" data-widget_type=\"heading.default\">\n\t\t\t\t<div class=\"elementor-widget-container\">\n\t\t\t\t\t<h5 class=\"elementor-heading-title elementor-size-default\"><\/h5>\t\t\t\t<\/div>\n\t\t\t\t<\/div>\n\t\t\t\t\t<\/div>\n\t\t\t\t<\/div>\n\t\t\t\t\t<\/div>\n\t\t\t\t<\/div>\n\t\t\t\t<\/div>\n\t\t","protected":false},"excerpt":{"rendered":"<p>Die Umwelt Eine idyllische Umgebung Das G\u00e4stehaus &#8222;Suyder-End&#8220; liegt in der sch\u00f6nen Heckenlandschaft von Opende, an der Grenze zwischen Friesland und Groningen. Die waldreiche Umgebung zeichnet sich durch malerische Aussichten, saftig gr\u00fcne Wiesen und ruhige Wege aus, die zu Erkundungen einladen. Hier k\u00f6nnen Sie die Hektik des Alltags hinter sich lassen und die Ruhe und [&hellip;]<\/p>\n","protected":false},"author":2,"featured_media":0,"parent":0,"menu_order":0,"comment_status":"closed","ping_status":"closed","template":"","meta":{"footnotes":""},"class_list":["post-2369","page","type-page","status-publish","hentry"],"blocksy_meta":{"page_title_panel":"","has_hero_section":"disabled","611c92d935758790a591783e16fbb041":"","hero_section":"type-1","hero_elements":[{"id":"custom_title","enabled":true,"heading_tag":"h1","title":"Home"},{"id":"custom_description","enabled":true,"description_visibility":{"desktop":true,"tablet":true,"mobile":false}},{"id":"custom_meta","enabled":false,"meta_elements":[{"id":"author","enabled":true,"label":"By","has_author_avatar":"yes","avatar_size":25},{"id":"post_date","enabled":true,"label":"On","date_format_source":"default","date_format":"M j, Y"},{"id":"updated_date","enabled":false,"label":"On","date_format_source":"default","date_format":"M j, Y"},{"id":"categories","enabled":false,"label":"In","style":"simple"},{"id":"comments","enabled":true}],"page_meta_elements":{"joined":true,"articles_count":true,"comments":true}},{"id":"breadcrumbs","enabled":false}],"46e8d3be9da0d1b82f8af8a9cd0f710d":"","hero_alignment1":"CT_CSS_SKIP_RULE","hero_margin":40,"hero_alignment2":"center","hero_vertical_alignment":"center","362640cecb7f38c45fc0d1a335915791":"","hero_structure":"narrow","e336875188121c375021e4fb0e81c0bb":"","page_title_bg_type":"featured_image","custom_hero_background":{"attachment_id":null},"page_title_image_size":"full","parallax":{"desktop":false,"tablet":false,"mobile":false},"57e5570a8110099c3e979646c8607ab1":"","hero_height":"250px","pageTitleFont":{"family":"Default","variation":"Default","size":"30px","line-height":"CT_CSS_SKIP_RULE","letter-spacing":"CT_CSS_SKIP_RULE","text-transform":"CT_CSS_SKIP_RULE","text-decoration":"CT_CSS_SKIP_RULE"},"pageTitleFontColor":{"default":{"color":"CT_CSS_SKIP_RULEDEFAULT"}},"pageMetaFont":{"family":"Default","variation":"n6","size":"12px","line-height":"1.3","letter-spacing":"CT_CSS_SKIP_RULE","text-transform":"uppercase","text-decoration":"CT_CSS_SKIP_RULE"},"pageMetaFontColor":{"default":{"color":"CT_CSS_SKIP_RULEDEFAULT"},"hover":{"color":"CT_CSS_SKIP_RULEDEFAULT"}},"page_meta_button_type_font_colors":{"default":{"color":"CT_CSS_SKIP_RULEDEFAULT"},"hover":{"color":"CT_CSS_SKIP_RULEDEFAULT"}},"page_meta_button_type_background_colors":{"default":{"color":"CT_CSS_SKIP_RULEDEFAULT"},"hover":{"color":"CT_CSS_SKIP_RULEDEFAULT"}},"pageExcerptFont":{"family":"Default","variation":"Default","size":"CT_CSS_SKIP_RULE","line-height":"CT_CSS_SKIP_RULE","letter-spacing":"CT_CSS_SKIP_RULE","text-transform":"CT_CSS_SKIP_RULE","text-decoration":"CT_CSS_SKIP_RULE"},"pageExcerptColor":{"default":{"color":"CT_CSS_SKIP_RULEDEFAULT"}},"breadcrumbsFont":{"family":"Default","variation":"Default","size":"CT_CSS_SKIP_RULE","line-height":"CT_CSS_SKIP_RULE","letter-spacing":"CT_CSS_SKIP_RULE","text-transform":"CT_CSS_SKIP_RULE","text-decoration":"CT_CSS_SKIP_RULE"},"breadcrumbsFontColor":{"default":{"color":"CT_CSS_SKIP_RULEDEFAULT"},"initial":{"color":"CT_CSS_SKIP_RULEDEFAULT"},"hover":{"color":"CT_CSS_SKIP_RULEDEFAULT"}},"pageTitleOverlay":{"background_type":"color","background_pattern":"type-1","background_image":{"attachment_id":null,"x":0,"y":0},"gradient":"linear-gradient(135deg,rgba(6,147,227,1) 0%,rgb(155,81,224) 100%)","background_repeat":"repeat","background_size":"auto","background_attachment":"scroll","patternColor":{"default":{"color":"#e5e7ea"}},"overlayColor":{"default":{"color":"CT_CSS_SKIP_RULE"}},"backgroundColor":{"default":{"color":"CT_CSS_SKIP_RULE"}}},"pageTitleBackground":{"background_type":"color","background_pattern":"type-1","background_image":{"attachment_id":null,"x":0,"y":0},"gradient":"linear-gradient(135deg,rgba(6,147,227,1) 0%,rgb(155,81,224) 100%)","background_repeat":"repeat","background_size":"auto","background_attachment":"scroll","patternColor":{"default":{"color":"#e5e7ea"}},"overlayColor":{"default":{"color":"CT_CSS_SKIP_RULE"}},"backgroundColor":{"default":{"color":"var(--theme-palette-color-6)"}}},"pageTitlePadding":{"top":"50px","bottom":"50px","left":"auto","right":"auto","linked":true},"3ca83537ec355e8d63870a30117b1ce8":"","page_structure_type":"default","dcdc5c66dddca70118f5ac7cc86bba1b":"","content_style_source":"inherit","content_style":"wide","vertical_spacing_source":"custom","content_area_spacing":"none","background":{"background_type":"color","background_pattern":"type-1","background_image":{"attachment_id":null,"x":0,"y":0},"gradient":"linear-gradient(135deg,rgba(6,147,227,1) 0%,rgb(155,81,224) 100%)","background_repeat":"repeat","background_size":"auto","background_attachment":"scroll","patternColor":{"default":{"color":"#e5e7ea"}},"overlayColor":{"default":{"color":"CT_CSS_SKIP_RULE"}},"backgroundColor":{"default":{"color":"CT_CSS_SKIP_RULE"}}},"content_background":{"background_type":"color","background_pattern":"type-1","background_image":{"attachment_id":null,"x":0,"y":0},"gradient":"linear-gradient(135deg,rgba(6,147,227,1) 0%,rgb(155,81,224) 100%)","background_repeat":"repeat","background_size":"auto","background_attachment":"scroll","patternColor":{"default":{"color":"#e5e7ea"}},"overlayColor":{"default":{"color":"CT_CSS_SKIP_RULE"}},"backgroundColor":{"default":{"color":"var(--theme-palette-color-8)"}}},"content_boxed_shadow":{"inherit":false,"blur":18,"spread":-6,"v_offset":12,"h_offset":0,"inset":false,"enable":true,"color":{"color":"rgba(34, 56, 101, 0.04)"}},"content_boxed_border":{"width":1,"style":"none","color":{"color":"rgba(44,62,80,0.2)"}},"content_boxed_radius":{"top":"3px","bottom":"3px","left":"3px","right":"3px","linked":true},"boxed_content_spacing":{"desktop":{"top":"40px","bottom":"40px","left":"40px","right":"40px","linked":true},"tablet":{"top":"35px","bottom":"35px","left":"35px","right":"35px","linked":true},"mobile":{"top":"20px","bottom":"20px","left":"20px","right":"20px","linked":true}},"e7c68c01908467f471590cb05016567f":"","disable_featured_image":"no","disable_share_box":"no","disable_header":"no","disable_footer":"no","styles_descriptor":{"styles":{"desktop":"","tablet":"","mobile":""},"google_fonts":[],"version":6}},"_links":{"self":[{"href":"https:\/\/suyder-end.nl\/de\/wp-json\/wp\/v2\/pages\/2369","targetHints":{"allow":["GET"]}}],"collection":[{"href":"https:\/\/suyder-end.nl\/de\/wp-json\/wp\/v2\/pages"}],"about":[{"href":"https:\/\/suyder-end.nl\/de\/wp-json\/wp\/v2\/types\/page"}],"author":[{"embeddable":true,"href":"https:\/\/suyder-end.nl\/de\/wp-json\/wp\/v2\/users\/2"}],"replies":[{"embeddable":true,"href":"https:\/\/suyder-end.nl\/de\/wp-json\/wp\/v2\/comments?post=2369"}],"version-history":[{"count":1,"href":"https:\/\/suyder-end.nl\/de\/wp-json\/wp\/v2\/pages\/2369\/revisions"}],"predecessor-version":[{"id":2373,"href":"https:\/\/suyder-end.nl\/de\/wp-json\/wp\/v2\/pages\/2369\/revisions\/2373"}],"wp:attachment":[{"href":"https:\/\/suyder-end.nl\/de\/wp-json\/wp\/v2\/media?parent=2369"}],"curies":[{"name":"wp","href":"https:\/\/api.w.org\/{rel}","templated":true}]}}